{"id":93,"date":"2021-02-23T10:39:20","date_gmt":"2021-02-23T10:39:20","guid":{"rendered":"http:\/\/udruzenjepreduzetnika.com\/?page_id=93"},"modified":"2021-02-23T10:47:58","modified_gmt":"2021-02-23T10:47:58","slug":"o-nama","status":"publish","type":"page","link":"https:\/\/udruzenjepreduzetnika.com\/index.php\/o-nama\/","title":{"rendered":"O Nama"},"content":{"rendered":"\t\t<div data-elementor-type=\"wp-page\" data-elementor-id=\"93\" class=\"elementor elementor-93\">\n\t\t\t\t\t\t<header class=\"elementor-section elementor-top-section elementor-element elementor-element-6332a00c elementor-reverse-mobile elementor-section-height-min-height elementor-section-items-stretch elementor-section-boxed elementor-section-height-default\" data-id=\"6332a00c\" data-element_type=\"section\" data-settings=\"{&quot;background_background&quot;:&quot;classic&quot;}\">\n\t\t\t\t\t\t<div class=\"elementor-container elementor-column-gap-default\">\n\t\t\t\t\t<div class=\"elementor-column elementor-col-100 elementor-top-column elementor-element elementor-element-56bc74ff\" data-id=\"56bc74ff\" data-element_type=\"column\">\n\t\t\t<div class=\"elementor-widget-wrap elementor-element-populated\">\n\t\t\t\t\t\t<div class=\"elementor-element elementor-element-628c281d elementor-widget elementor-widget-heading\" data-id=\"628c281d\" data-element_type=\"widget\" data-widget_type=\"heading.default\">\n\t\t\t\t<div class=\"elementor-widget-container\">\n\t\t\t<h1 class=\"elementor-heading-title elementor-size-default\">O Nama<\/h1>\t\t<\/div>\n\t\t\t\t<\/div>\n\t\t\t\t<div class=\"elementor-element elementor-element-48a40711 elementor-widget-divider--view-line elementor-widget elementor-widget-divider\" data-id=\"48a40711\" data-element_type=\"widget\" data-widget_type=\"divider.default\">\n\t\t\t\t<div class=\"elementor-widget-container\">\n\t\t\t\t\t<div class=\"elementor-divider\">\n\t\t\t<span class=\"elementor-divider-separator\">\n\t\t\t\t\t\t<\/span>\n\t\t<\/div>\n\t\t\t\t<\/div>\n\t\t\t\t<\/div>\n\t\t\t\t<div class=\"elementor-element elementor-element-e2d06ca elementor-widget elementor-widget-text-editor\" data-id=\"e2d06ca\" data-element_type=\"widget\" data-widget_type=\"text-editor.default\">\n\t\t\t\t<div class=\"elementor-widget-container\">\n\t\t\t\t\t\t\t<h6>Op\u0161te udru\u017eenje preduzetnika\u00a0Ba\u010dka Palanka osnovano je pre 28 godina, daleke 1969. godine i to kao Udru\u017eenje samostalnih zanatlija.<\/h6><h6>Ovo Udru\u017eenje je\u00a0osnovano na Skup\u0161tini odr\u017eanoj 27. jula, a zvani\u010dno je po\u010delo sa radom po dobijanju Re\u0161enja o radu, 19. septembra 1969. godine.<\/h6>\t\t\t\t\t\t<\/div>\n\t\t\t\t<\/div>\n\t\t\t\t\t<\/div>\n\t\t<\/div>\n\t\t\t\t<div class=\"elementor-column elementor-col-100 elementor-top-column elementor-element elementor-element-2c15387c\" data-id=\"2c15387c\" data-element_type=\"column\">\n\t\t\t<div class=\"elementor-widget-wrap elementor-element-populated\">\n\t\t\t\t\t\t\t<\/div>\n\t\t<\/div>\n\t\t\t\t\t<\/div>\n\t\t<\/header>\n\t\t\t\t<section class=\"elementor-section elementor-top-section elementor-element elementor-element-56091e6f elementor-section-boxed elementor-section-height-default elementor-section-height-default\" data-id=\"56091e6f\" data-element_type=\"section\" data-settings=\"{&quot;background_background&quot;:&quot;classic&quot;}\">\n\t\t\t\t\t\t<div class=\"elementor-container elementor-column-gap-default\">\n\t\t\t\t\t<div class=\"elementor-column elementor-col-50 elementor-top-column elementor-element elementor-element-1a32e0c5\" data-id=\"1a32e0c5\" data-element_type=\"column\">\n\t\t\t<div class=\"elementor-widget-wrap elementor-element-populated\">\n\t\t\t\t\t\t<div class=\"elementor-element elementor-element-6ca0b31f elementor-widget elementor-widget-text-editor\" data-id=\"6ca0b31f\" data-element_type=\"widget\" data-widget_type=\"text-editor.default\">\n\t\t\t\t<div class=\"elementor-widget-container\">\n\t\t\t\t\t\t\t<h6>Udru\u017eenja ovog tipa u tovreme bila su u rangu grupe gra\u0111ana i imala su malo uticaja i veoma slabu snagu, posebno ako se setimo da je to vreme u kome je bilo mnogo bolje i lak\u0161eraditi u dr\u017eavnim, odnosno dru\u0161tvenim preduze\u0107ima, a ne samostalno, kao zanatlije i privatnici.<\/h6><h6>Pod ovim imenom Udru\u017eenje je postojalo do 1989. godine kada postaje Udru\u017eenje malih privrednika, a zatim 11. aprila 2003. godine dobija dana\u0161nji naziv \u2013Op\u0161te udru\u017eenje preduzetnika, kada se po Zakonu o komorama registruje u regionalnu Privrednu komoru Novog Sada, \u010dime postaju deo komorskog sistema.<\/h6><h6>Ba\u010dkoplana\u010dko Udru\u017eenje \u010dini devet sekcija-ugostiteljstvo, trgovina, auto delatnost (auto limari, auto elektri\u010dari), auto prevoz, frizeri i kozmeti\u010dari, metalska,gra\u0111evinska, pekari i taxi sekcija.\u00a0<\/h6>\t\t\t\t\t\t<\/div>\n\t\t\t\t<\/div>\n\t\t\t\t\t<\/div>\n\t\t<\/div>\n\t\t\t\t<div class=\"elementor-column elementor-col-50 elementor-top-column elementor-element elementor-element-1c8f3359\" data-id=\"1c8f3359\" data-element_type=\"column\">\n\t\t\t<div class=\"elementor-widget-wrap elementor-element-populated\">\n\t\t\t\t\t\t<div class=\"elementor-element elementor-element-3791f9c7 elementor-widget elementor-widget-text-editor\" data-id=\"3791f9c7\" data-element_type=\"widget\" data-widget_type=\"text-editor.default\">\n\t\t\t\t<div class=\"elementor-widget-container\">\n\t\t\t\t\t\t\t<h6>Rukovode\u0107a tela Op\u0161teg udru\u017eenja preduzetnika su Skup\u0161tina udru\u017eenja i Izvr\u0161ni odbor, a stru\u010dnom slu\u017ebom Udru\u017eenja rukovodi sekretar Udru\u017eenja.<\/h6><h6>Skup\u0161tinu \u010dini 31 \u010dlan, po pet predstavnika ve\u0107ih sekcija i po tri iz manjih. U Izvr\u0161ni odbor ulaze predsednici svih sekcija, zna\u010di njih devet. Skup\u0161tina se bira na\u00a0\u010detiri godine.<\/h6><h6>Udru\u017eenje u narednom periodu planira nove akcije usmerene ka podizanju nivoa organizovanosti preduzetnika i re\u0161avanju njihovih goru\u0107ih problema kako\u00a0na lokalnom nivou tako i pokrainskom i republi\u010dkom preko svojih predstavnika u komorskom sistemu i Unije poslodavaca Srbije i Vojvodine.<\/h6>\t\t\t\t\t\t<\/div>\n\t\t\t\t<\/div>\n\t\t\t\t<div class=\"elementor-element elementor-element-50859764 elementor-widget-divider--view-line elementor-widget elementor-widget-divider\" data-id=\"50859764\" data-element_type=\"widget\" data-widget_type=\"divider.default\">\n\t\t\t\t<div class=\"elementor-widget-container\">\n\t\t\t\t\t<div class=\"elementor-divider\">\n\t\t\t<span class=\"elementor-divider-separator\">\n\t\t\t\t\t\t<\/span>\n\t\t<\/div>\n\t\t\t\t<\/div>\n\t\t\t\t<\/div>\n\t\t\t\t\t<\/div>\n\t\t<\/div>\n\t\t\t\t\t<\/div>\n\t\t<\/section>\n\t\t\t\t<section class=\"elementor-section elementor-top-section elementor-element elementor-element-39d83e65 elementor-section-boxed elementor-section-height-default elementor-section-height-default\" data-id=\"39d83e65\" data-element_type=\"section\" data-settings=\"{&quot;background_background&quot;:&quot;classic&quot;}\">\n\t\t\t\t\t\t<div class=\"elementor-container elementor-column-gap-no\">\n\t\t\t\t\t<div class=\"elementor-column elementor-col-100 elementor-top-column elementor-element elementor-element-51c31037\" data-id=\"51c31037\" data-element_type=\"column\">\n\t\t\t<div class=\"elementor-widget-wrap elementor-element-populated\">\n\t\t\t\t\t\t<div class=\"elementor-element elementor-element-149e65e7 elementor-widget elementor-widget-heading\" data-id=\"149e65e7\" data-element_type=\"widget\" data-widget_type=\"heading.default\">\n\t\t\t\t<div class=\"elementor-widget-container\">\n\t\t\t<h2 class=\"elementor-heading-title elementor-size-default\">Na\u0161e vrednosti<\/h2>\t\t<\/div>\n\t\t\t\t<\/div>\n\t\t\t\t<div class=\"elementor-element elementor-element-1ff6a190 elementor-widget-divider--view-line elementor-widget elementor-widget-divider\" data-id=\"1ff6a190\" data-element_type=\"widget\" data-widget_type=\"divider.default\">\n\t\t\t\t<div class=\"elementor-widget-container\">\n\t\t\t\t\t<div class=\"elementor-divider\">\n\t\t\t<span class=\"elementor-divider-separator\">\n\t\t\t\t\t\t<\/span>\n\t\t<\/div>\n\t\t\t\t<\/div>\n\t\t\t\t<\/div>\n\t\t\t\t<div class=\"elementor-element elementor-element-1bdb92c0 elementor-tabs-view-vertical elementor-widget elementor-widget-tabs\" data-id=\"1bdb92c0\" data-element_type=\"widget\" data-widget_type=\"tabs.default\">\n\t\t\t\t<div class=\"elementor-widget-container\">\n\t\t\t\t\t<div class=\"elementor-tabs\">\n\t\t\t<div class=\"elementor-tabs-wrapper\" role=\"tablist\" >\n\t\t\t\t\t\t\t\t\t<div id=\"elementor-tab-title-4671\" class=\"elementor-tab-title elementor-tab-desktop-title\" aria-selected=\"true\" data-tab=\"1\" role=\"tab\" tabindex=\"0\" aria-controls=\"elementor-tab-content-4671\" aria-expanded=\"false\">Profesionalizam<\/div>\n\t\t\t\t\t\t\t\t\t<div id=\"elementor-tab-title-4672\" class=\"elementor-tab-title elementor-tab-desktop-title\" aria-selected=\"false\" data-tab=\"2\" role=\"tab\" tabindex=\"-1\" aria-controls=\"elementor-tab-content-4672\" aria-expanded=\"false\">Homogenost<\/div>\n\t\t\t\t\t\t\t\t\t<div id=\"elementor-tab-title-4673\" class=\"elementor-tab-title elementor-tab-desktop-title\" aria-selected=\"false\" data-tab=\"3\" role=\"tab\" tabindex=\"-1\" aria-controls=\"elementor-tab-content-4673\" aria-expanded=\"false\">Konekcije<\/div>\n\t\t\t\t\t\t\t<\/div>\n\t\t\t<div class=\"elementor-tabs-content-wrapper\" role=\"tablist\" aria-orientation=\"vertical\">\n\t\t\t\t\t\t\t\t\t<div class=\"elementor-tab-title elementor-tab-mobile-title\" aria-selected=\"true\" data-tab=\"1\" role=\"tab\" tabindex=\"0\" aria-controls=\"elementor-tab-content-4671\" aria-expanded=\"false\">Profesionalizam<\/div>\n\t\t\t\t\t<div id=\"elementor-tab-content-4671\" class=\"elementor-tab-content elementor-clearfix\" data-tab=\"1\" role=\"tabpanel\" aria-labelledby=\"elementor-tab-title-4671\" tabindex=\"0\" hidden=\"false\"><p><img fetchpriority=\"high\" decoding=\"async\" class=\"alignnone size-full wp-image-176\" src=\"https:\/\/wp.envatoextensions.com\/kit-80\/wp-content\/uploads\/sites\/80\/2018\/09\/04-clientstories2.jpg\" alt=\"\" width=\"1300\" height=\"867\" \/><\/p><p>Ponosni smo na u\u010dinjeno do sada, a i optimisti\u010dni ka onom \u0161to je ispred na\u0161eg udru\u017eenja, jer iza udru\u017eenja stoje ljudi, koji su dokazani u biznisu, sa velikim poslovnim postignu\u0107ima i znanjima, spremni da svoje ime i karijere stave u funkciju udru\u017eenja preduzetnika.<\/p><\/div>\n\t\t\t\t\t\t\t\t\t<div class=\"elementor-tab-title elementor-tab-mobile-title\" aria-selected=\"false\" data-tab=\"2\" role=\"tab\" tabindex=\"-1\" aria-controls=\"elementor-tab-content-4672\" aria-expanded=\"false\">Homogenost<\/div>\n\t\t\t\t\t<div id=\"elementor-tab-content-4672\" class=\"elementor-tab-content elementor-clearfix\" data-tab=\"2\" role=\"tabpanel\" aria-labelledby=\"elementor-tab-title-4672\" tabindex=\"0\" hidden=\"hidden\"><p><img decoding=\"async\" class=\"alignnone size-full wp-image-193\" src=\"https:\/\/wp.envatoextensions.com\/kit-80\/wp-content\/uploads\/sites\/80\/2018\/09\/zz-portfolio6.jpg\" alt=\"\" width=\"1024\" height=\"683\" \/><\/p><p>Iako na\u0161i \u010dlanovi dolaze iz 10+ rezli\u010ditih bran\u0161i i poslovanja, jedinstveno u okviru udru\u017eenja preduzetnika je to \u0161to svi di\u0161u kao jedan i uvek spremni da se dopune ili potpomognu, jer samo tako napredak je i mogu\u0107.<\/p><\/div>\n\t\t\t\t\t\t\t\t\t<div class=\"elementor-tab-title elementor-tab-mobile-title\" aria-selected=\"false\" data-tab=\"3\" role=\"tab\" tabindex=\"-1\" aria-controls=\"elementor-tab-content-4673\" aria-expanded=\"false\">Konekcije<\/div>\n\t\t\t\t\t<div id=\"elementor-tab-content-4673\" class=\"elementor-tab-content elementor-clearfix\" data-tab=\"3\" role=\"tabpanel\" aria-labelledby=\"elementor-tab-title-4673\" tabindex=\"0\" hidden=\"hidden\"><p><img decoding=\"async\" class=\"alignnone size-full wp-image-178\" src=\"https:\/\/wp.envatoextensions.com\/kit-80\/wp-content\/uploads\/sites\/80\/2018\/09\/04-clientstories4.jpg\" alt=\"\" width=\"1300\" height=\"867\" \/><\/p><p>Na\u0161i sada\u0161nji \u010dlanovi znaju,\u00a0 abudu\u0107i \u0107e tek spoznati snagu konekcija i poznanstava koju ova organizaciona struktura udru\u017eenja preduzetnika iz Ba\u010dke Palanke ima i u svojstvu udru\u017eenja rado stavlja u funkciju.\u00a0<\/p><\/div>\n\t\t\t\t\t\t\t<\/div>\n\t\t<\/div>\n\t\t\t\t<\/div>\n\t\t\t\t<\/div>\n\t\t\t\t\t<\/div>\n\t\t<\/div>\n\t\t\t\t\t<\/div>\n\t\t<\/section>\n\t\t\t\t<section class=\"elementor-section elementor-top-section elementor-element elementor-element-623755a4 elementor-section-boxed elementor-section-height-default elementor-section-height-default\" data-id=\"623755a4\" data-element_type=\"section\" data-settings=\"{&quot;background_background&quot;:&quot;classic&quot;}\">\n\t\t\t\t\t\t<div class=\"elementor-container elementor-column-gap-default\">\n\t\t\t\t\t<div class=\"elementor-column elementor-col-100 elementor-top-column elementor-element elementor-element-28fdf76d\" data-id=\"28fdf76d\" data-element_type=\"column\">\n\t\t\t<div class=\"elementor-widget-wrap elementor-element-populated\">\n\t\t\t\t\t\t<section class=\"elementor-section elementor-inner-section elementor-element elementor-element-25ac0b24 elementor-section-boxed elementor-section-height-default elementor-section-height-default\" data-id=\"25ac0b24\" data-element_type=\"section\">\n\t\t\t\t\t\t<div class=\"elementor-container elementor-column-gap-default\">\n\t\t\t\t\t<div class=\"elementor-column elementor-col-50 elementor-inner-column elementor-element elementor-element-113e5c81\" data-id=\"113e5c81\" data-element_type=\"column\">\n\t\t\t<div class=\"elementor-widget-wrap elementor-element-populated\">\n\t\t\t\t\t\t<div class=\"elementor-element elementor-element-77b4d6a5 elementor-align-right envato-kit-80-cta elementor-widget elementor-widget-button\" data-id=\"77b4d6a5\" data-element_type=\"widget\" data-widget_type=\"button.default\">\n\t\t\t\t<div class=\"elementor-widget-container\">\n\t\t\t\t\t<div class=\"elementor-button-wrapper\">\n\t\t\t<a class=\"elementor-button elementor-button-link elementor-size-sm\" href=\"#\">\n\t\t\t\t\t\t<span class=\"elementor-button-content-wrapper\">\n\t\t\t\t\t\t\t\t\t<span class=\"elementor-button-text\">Upoznajte rukovodstvo udru\u017eenja preduzetnika <\/span>\n\t\t\t\t\t<\/span>\n\t\t\t\t\t<\/a>\n\t\t<\/div>\n\t\t\t\t<\/div>\n\t\t\t\t<\/div>\n\t\t\t\t\t<\/div>\n\t\t<\/div>\n\t\t\t\t<div class=\"elementor-column elementor-col-50 elementor-inner-column elementor-element elementor-element-4b9faacf\" data-id=\"4b9faacf\" data-element_type=\"column\">\n\t\t\t<div class=\"elementor-widget-wrap elementor-element-populated\">\n\t\t\t\t\t\t<div class=\"elementor-element elementor-element-6f67c029 elementor-view-default elementor-widget elementor-widget-icon\" data-id=\"6f67c029\" data-element_type=\"widget\" data-widget_type=\"icon.default\">\n\t\t\t\t<div class=\"elementor-widget-container\">\n\t\t\t\t\t<div class=\"elementor-icon-wrapper\">\n\t\t\t<a class=\"elementor-icon\" href=\"#\">\n\t\t\t\t\t\t\t<i class=\"fa fa-forward\" aria-hidden=\"true\"><\/i>\n\t\t\t\t\t\t<\/a>\n\t\t<\/div>\n\t\t\t\t<\/div>\n\t\t\t\t<\/div>\n\t\t\t\t\t<\/div>\n\t\t<\/div>\n\t\t\t\t\t<\/div>\n\t\t<\/section>\n\t\t\t\t\t<\/div>\n\t\t<\/div>\n\t\t\t\t\t<\/div>\n\t\t<\/section>\n\t\t\t\t<\/div>\n\t\t","protected":false},"excerpt":{"rendered":"<p>O Nama Op\u0161te udru\u017eenje preduzetnika\u00a0Ba\u010dka Palanka osnovano je pre 28 godina, daleke 1969. godine i to kao Udru\u017eenje samostalnih zanatlija. Ovo Udru\u017eenje je\u00a0osnovano na Skup\u0161tini odr\u017eanoj 27. jula, a zvani\u010dno je po\u010delo sa radom po dobijanju Re\u0161enja o radu, 19. septembra 1969. godine. Udru\u017eenja ovog tipa u tovreme bila su u rangu grupe gra\u0111ana i [&hellip;]<\/p>\n","protected":false},"author":1,"featured_media":0,"parent":0,"menu_order":0,"comment_status":"closed","ping_status":"closed","template":"elementor_canvas","meta":{"footnotes":""},"class_list":["post-93","page","type-page","status-publish","hentry"],"_links":{"self":[{"href":"https:\/\/udruzenjepreduzetnika.com\/index.php\/wp-json\/wp\/v2\/pages\/93","targetHints":{"allow":["GET"]}}],"collection":[{"href":"https:\/\/udruzenjepreduzetnika.com\/index.php\/wp-json\/wp\/v2\/pages"}],"about":[{"href":"https:\/\/udruzenjepreduzetnika.com\/index.php\/wp-json\/wp\/v2\/types\/page"}],"author":[{"embeddable":true,"href":"https:\/\/udruzenjepreduzetnika.com\/index.php\/wp-json\/wp\/v2\/users\/1"}],"replies":[{"embeddable":true,"href":"https:\/\/udruzenjepreduzetnika.com\/index.php\/wp-json\/wp\/v2\/comments?post=93"}],"version-history":[{"count":16,"href":"https:\/\/udruzenjepreduzetnika.com\/index.php\/wp-json\/wp\/v2\/pages\/93\/revisions"}],"predecessor-version":[{"id":113,"href":"https:\/\/udruzenjepreduzetnika.com\/index.php\/wp-json\/wp\/v2\/pages\/93\/revisions\/113"}],"wp:attachment":[{"href":"https:\/\/udruzenjepreduzetnika.com\/index.php\/wp-json\/wp\/v2\/media?parent=93"}],"curies":[{"name":"wp","href":"https:\/\/api.w.org\/{rel}","templated":true}]}}